{"id":12212,"date":"2025-03-05T16:43:54","date_gmt":"2025-03-05T15:43:54","guid":{"rendered":"https:\/\/domainedjabourian.com\/?post_type=product&#038;p=12212"},"modified":"2026-02-12T07:35:20","modified_gmt":"2026-02-12T06:35:20","slug":"yeriza-mix-3vins","status":"publish","type":"product","link":"https:\/\/domainedjabourian.com\/en\/product\/yeriza-mix-3vins\/","title":{"rendered":"Yeriza 2024 launch offer \u201cBlanc de blancs\u201d"},"content":{"rendered":"<div>3 bottles for \u20ac69 \u2013 free delivery<\/div>\n<div>From 01\/03 to 31\/04\/26<\/div>\n<div><\/div>\n<div>\n<div>Born at an altitude of 1400m in the Vayots Dzor mountains, this 2024 vintage expresses all the freshness and purity of Armenia&#039;s high terroirs. Made from indigenous grape varieties \u2013 Voskehat and Khatun Kardji \u2013 grown on ungrafted vines and harvested by hand, it is aged in stainless steel tanks to preserve its aromatic brilliance.<\/div>\n<\/div>\n<div>\n<p data-start=\"131\" data-end=\"461\">Its bright, light golden-yellow color precedes a delicate nose of quince, white-fleshed fruits, and delicate white flowers. On the palate, the freshness imparted by the altitude brings a beautiful fruity intensity, a lovely volume, and a harmonious balance (12.21% ABV).<\/p>\n<p data-start=\"463\" data-end=\"675\">A refined and expressive white wine, perfect as an aperitif or with fish, poultry, and mild cheeses. A wine to share, inspired by the heritage of the ancient city of the goddess Anahit.<\/p>\n<\/div>","protected":false},"excerpt":{"rendered":"<p>3 bouteilles \u00e0 69\u20ac &#8211; livraison offerte Du 01\/03 au 31\/04\/26 N\u00e9 \u00e0 1400m d\u2019altitude dans les montagnes du Vayots Dzor, ce mill\u00e9sime 2024 exprime toute la fra\u00eecheur et la puret\u00e9 des hauts terroirs arm\u00e9niens. Issu de c\u00e9pages autochtones &#8211; Voskehat et Khatun Kardji &#8211; provenant de vignes franches de pied et vendang\u00e9es \u00e0 la [&hellip;]<\/p>","protected":false},"featured_media":12604,"comment_status":"open","ping_status":"closed","template":"","meta":[],"product_brand":[],"product_cat":[86],"product_tag":[],"class_list":{"0":"post-12212","1":"product","2":"type-product","3":"status-publish","4":"has-post-thumbnail","6":"product_cat-non-classe","8":"first","9":"instock","10":"sale","11":"taxable","12":"shipping-taxable","13":"purchasable","14":"product-type-simple"},"_links":{"self":[{"href":"https:\/\/domainedjabourian.com\/en\/wp-json\/wp\/v2\/product\/12212","targetHints":{"allow":["GET"]}}],"collection":[{"href":"https:\/\/domainedjabourian.com\/en\/wp-json\/wp\/v2\/product"}],"about":[{"href":"https:\/\/domainedjabourian.com\/en\/wp-json\/wp\/v2\/types\/product"}],"replies":[{"embeddable":true,"href":"https:\/\/domainedjabourian.com\/en\/wp-json\/wp\/v2\/comments?post=12212"}],"wp:featuredmedia":[{"embeddable":true,"href":"https:\/\/domainedjabourian.com\/en\/wp-json\/wp\/v2\/media\/12604"}],"wp:attachment":[{"href":"https:\/\/domainedjabourian.com\/en\/wp-json\/wp\/v2\/media?parent=12212"}],"wp:term":[{"taxonomy":"product_brand","embeddable":true,"href":"https:\/\/domainedjabourian.com\/en\/wp-json\/wp\/v2\/product_brand?post=12212"},{"taxonomy":"product_cat","embeddable":true,"href":"https:\/\/domainedjabourian.com\/en\/wp-json\/wp\/v2\/product_cat?post=12212"},{"taxonomy":"product_tag","embeddable":true,"href":"https:\/\/domainedjabourian.com\/en\/wp-json\/wp\/v2\/product_tag?post=12212"}],"curies":[{"name":"wp","href":"https:\/\/api.w.org\/{rel}","templated":true}]}}