{"id":2556,"date":"2022-12-28T14:22:02","date_gmt":"2022-12-28T14:22:02","guid":{"rendered":"https:\/\/chateau.qodeinteractive.com\/?page_id=2556"},"modified":"2026-03-06T11:58:11","modified_gmt":"2026-03-06T10:58:11","slug":"blog","status":"publish","type":"page","link":"https:\/\/domainedjabourian.com\/en\/blog\/","title":{"rendered":"Blog"},"content":{"rendered":"<div data-elementor-type=\"wp-page\" data-elementor-id=\"2556\" class=\"elementor elementor-2556\" data-elementor-post-type=\"page\">\n\t\t\t\t\t\t<section class=\"elementor-section elementor-top-section elementor-element elementor-element-84e7ff5 elementor-section-boxed elementor-section-height-default elementor-section-height-default\" data-id=\"84e7ff5\" data-element_type=\"section\">\n\t\t\t\t\t\t<div class=\"elementor-container elementor-column-gap-default\">\n\t\t\t\t\t<div class=\"elementor-column elementor-col-100 elementor-top-column elementor-element elementor-element-8e3059b\" data-id=\"8e3059b\" data-element_type=\"column\">\n\t\t\t<div class=\"elementor-widget-wrap elementor-element-populated\">\n\t\t\t\t\t\t<div class=\"elementor-element elementor-element-135bd9c elementor-widget elementor-widget-chateau_core_blog_list\" data-id=\"135bd9c\" data-element_type=\"widget\" data-widget_type=\"chateau_core_blog_list.default\">\n\t\t\t\t<div class=\"elementor-widget-container\">\n\t\t\t\t\t<div class=\"qodef-shortcode qodef-m  qodef-blog qodef--list qodef-item-layout--standard  qodef-grid qodef-layout--columns   qodef-vertical-gutter--enormous qodef-col-num--1 qodef-item-layout--standard   qodef-pagination--on qodef-pagination-type--infinite-scroll qodef-responsive--predefined\" data-options=\"{&quot;plugin&quot;:&quot;chateau_core&quot;,&quot;module&quot;:&quot;blog\\\/shortcodes&quot;,&quot;shortcode&quot;:&quot;blog-list&quot;,&quot;post_type&quot;:&quot;post&quot;,&quot;next_page&quot;:&quot;2&quot;,&quot;max_pages_num&quot;:2,&quot;behavior&quot;:&quot;columns&quot;,&quot;images_proportion&quot;:&quot;custom&quot;,&quot;columns&quot;:&quot;1&quot;,&quot;columns_responsive&quot;:&quot;predefined&quot;,&quot;vertical_space&quot;:&quot;enormous&quot;,&quot;posts_per_page&quot;:&quot;5&quot;,&quot;orderby&quot;:&quot;date&quot;,&quot;order&quot;:&quot;DESC&quot;,&quot;layout&quot;:&quot;standard&quot;,&quot;title_tag&quot;:&quot;h2&quot;,&quot;excerpt_length&quot;:&quot;300&quot;,&quot;qodef_blog_list_center_content&quot;:&quot;yes&quot;,&quot;pagination_type&quot;:&quot;infinite-scroll&quot;,&quot;object_class_name&quot;:&quot;ChateauCore_Blog_List_Shortcode&quot;,&quot;taxonomy_filter&quot;:&quot;category&quot;}\">\n\t\t<div class=\"qodef-grid-inner\">\n\t\t\n<article class=\"qodef-e qodef-blog-item qodef-blog-list-centered qodef-grid-item qodef-item--custom post-12659 post type-post status-publish format-standard has-post-thumbnail hentry category-evenements\" >\n\t<div class=\"qodef-e-inner\">\n\t\t<div class=\"qodef-e-content\">\n            <div class=\"qodef-e-title-holder\">\n                <h2 itemprop=\"name\" class=\"qodef-e-title entry-title\" >\n\t<a itemprop=\"url\" class=\"qodef-e-title-link\" href=\"https:\/\/domainedjabourian.com\/en\/secret-des-vins\/\">\n\t\tWine secrets\t<\/a>\n<\/h2>\n            <\/div>\n\t\t\t<div class=\"qodef-e-top-holder\">\n\t\t\t\t<div class=\"qodef-e-info\">\n\t\t\t\t\t<a itemprop=\"dateCreated\" href=\"https:\/\/domainedjabourian.com\/en\/2026\/03\/\" class=\"entry-date\">\n\tMarch 6, 2026<\/a><div class=\"qodef-info-separator-end\"><\/div>\n<a href=\"https:\/\/domainedjabourian.com\/en\/category\/evenements\/\" rel=\"tag\">Events<\/a><div class=\"qodef-info-separator-end\"><\/div>\t\t\t\t<\/div>\n\t\t\t<\/div>\n            \t<div class=\"qodef-e-media\">\n\t\t<div class=\"qodef-e-media-image\">\n\t\t\t<a itemprop=\"url\" href=\"https:\/\/domainedjabourian.com\/en\/secret-des-vins\/\">\n\t\t\t\t<img fetchpriority=\"high\" decoding=\"async\" width=\"2560\" height=\"1707\" src=\"https:\/\/domainedjabourian.com\/wp-content\/uploads\/2025\/03\/Yeriza-red-new_2-scaled.jpg\" class=\"attachment-custom size-custom wp-post-image\" alt=\"\" srcset=\"https:\/\/domainedjabourian.com\/wp-content\/uploads\/2025\/03\/Yeriza-red-new_2-scaled.jpg 2560w, https:\/\/domainedjabourian.com\/wp-content\/uploads\/2025\/03\/Yeriza-red-new_2-300x200.jpg 300w, https:\/\/domainedjabourian.com\/wp-content\/uploads\/2025\/03\/Yeriza-red-new_2-1024x683.jpg 1024w, https:\/\/domainedjabourian.com\/wp-content\/uploads\/2025\/03\/Yeriza-red-new_2-768x512.jpg 768w, https:\/\/domainedjabourian.com\/wp-content\/uploads\/2025\/03\/Yeriza-red-new_2-1536x1024.jpg 1536w, https:\/\/domainedjabourian.com\/wp-content\/uploads\/2025\/03\/Yeriza-red-new_2-2048x1365.jpg 2048w, https:\/\/domainedjabourian.com\/wp-content\/uploads\/2025\/03\/Yeriza-red-new_2-18x12.jpg 18w, https:\/\/domainedjabourian.com\/wp-content\/uploads\/2025\/03\/Yeriza-red-new_2-1320x880.jpg 1320w, https:\/\/domainedjabourian.com\/wp-content\/uploads\/2025\/03\/Yeriza-red-new_2-600x400.jpg 600w\" sizes=\"(max-width: 2560px) 100vw, 2560px\" \/>\t\t\t<\/a>\n\t\t<\/div>\n\t<\/div>\n\t\t\t<div class=\"qodef-e-text\">\n\t\t\t\t\t\t<p itemprop=\"description\" class=\"qodef-e-excerpt\">THE SECRETS OF THE 2023 YERIZA RED WINE ARENI Domaine Djabourian: Altitude as a Heritage BY PIERRE GRANDJEAN, Valeurs actuelles \u201cThe 2023 Areni Yeriza red wine takes root in Aghavnadzor, in the Vayots Dzor region, at an altitude of over 1,300 meters, in the heart of Armenia\u201d<\/p>\n\t\t\t\t\t<\/div>\n\t\t\t<div class=\"qodef-e-bottom-holder\">\n                \t<div class=\"qodef-e-read-more\">\n\t\t<a class=\"qodef-shortcode qodef-m  qodef-button qodef-layout--discontinuous  qodef-html--link\" href=\"https:\/\/domainedjabourian.com\/en\/secret-des-vins\/\" target=\"_self\"  >\t<span class=\"qodef-m-text\">Read More<\/span>\t<span class=\"qodef-disc-btn qodef-disc-btn-top-left\"><\/span>\t<span class=\"qodef-disc-btn qodef-disc-btn-top-right\"><\/span>\t<span class=\"qodef-disc-btn qodef-disc-btn-right\"><\/span>\t<span class=\"qodef-disc-btn qodef-disc-btn-bottom-right\"><\/span>\t<span class=\"qodef-disc-btn qodef-disc-btn-bottom-left\"><\/span>\t<span class=\"qodef-disc-btn qodef-blob-btn-left\"><\/span><\/a>\t<\/div>\n\t\t\t<\/div>\n\t\t<\/div>\n\t<\/div>\n<\/article>\n\n<article class=\"qodef-e qodef-blog-item qodef-blog-list-centered qodef-grid-item qodef-item--custom post-12305 post type-post status-publish format-standard has-post-thumbnail hentry category-evenements\" >\n\t<div class=\"qodef-e-inner\">\n\t\t<div class=\"qodef-e-content\">\n            <div class=\"qodef-e-title-holder\">\n                <h2 itemprop=\"name\" class=\"qodef-e-title entry-title\" >\n\t<a itemprop=\"url\" class=\"qodef-e-title-link\" href=\"https:\/\/domainedjabourian.com\/en\/le-domaine-djabourian\/\">\n\t\tThe Djabourian Estate\t<\/a>\n<\/h2>\n            <\/div>\n\t\t\t<div class=\"qodef-e-top-holder\">\n\t\t\t\t<div class=\"qodef-e-info\">\n\t\t\t\t\t<a itemprop=\"dateCreated\" href=\"https:\/\/domainedjabourian.com\/en\/2025\/10\/\" class=\"entry-date\">\n\tOctober 4, 2025<\/a><div class=\"qodef-info-separator-end\"><\/div>\n<a href=\"https:\/\/domainedjabourian.com\/en\/category\/evenements\/\" rel=\"tag\">Events<\/a><div class=\"qodef-info-separator-end\"><\/div>\t\t\t\t<\/div>\n\t\t\t<\/div>\n            \t<div class=\"qodef-e-media\">\n\t\t<div class=\"qodef-e-media-image\">\n\t\t\t<a itemprop=\"url\" href=\"https:\/\/domainedjabourian.com\/en\/le-domaine-djabourian\/\">\n\t\t\t\t<img decoding=\"async\" width=\"1920\" height=\"1280\" src=\"https:\/\/domainedjabourian.com\/wp-content\/uploads\/2024\/07\/DSCF7501-1.webp\" class=\"attachment-custom size-custom wp-post-image\" alt=\"Vignoble Aghavnadzor Areni Vayots Dzor\" srcset=\"https:\/\/domainedjabourian.com\/wp-content\/uploads\/2024\/07\/DSCF7501-1.webp 1920w, https:\/\/domainedjabourian.com\/wp-content\/uploads\/2024\/07\/DSCF7501-1-600x400.webp 600w, https:\/\/domainedjabourian.com\/wp-content\/uploads\/2024\/07\/DSCF7501-1-300x200.webp 300w, https:\/\/domainedjabourian.com\/wp-content\/uploads\/2024\/07\/DSCF7501-1-1024x683.webp 1024w, https:\/\/domainedjabourian.com\/wp-content\/uploads\/2024\/07\/DSCF7501-1-768x512.webp 768w, https:\/\/domainedjabourian.com\/wp-content\/uploads\/2024\/07\/DSCF7501-1-1536x1024.webp 1536w, https:\/\/domainedjabourian.com\/wp-content\/uploads\/2024\/07\/DSCF7501-1-18x12.webp 18w\" sizes=\"(max-width: 1920px) 100vw, 1920px\" \/>\t\t\t<\/a>\n\t\t<\/div>\n\t<\/div>\n\t\t\t<div class=\"qodef-e-text\">\n\t\t\t\t\t\t<p itemprop=\"description\" class=\"qodef-e-excerpt\">Anahide Djabourian is the representative of Domaine Djabourian wines, acquired by her family. This 33-year-old French woman, originally from Saint-Chamond, has lived in Armenia for four years. Journey of an entrepreneur. ZMROUTHE AUBOZIAN France Armenia: What is your background? As<\/p>\n\t\t\t\t\t<\/div>\n\t\t\t<div class=\"qodef-e-bottom-holder\">\n                \t<div class=\"qodef-e-read-more\">\n\t\t<a class=\"qodef-shortcode qodef-m  qodef-button qodef-layout--discontinuous  qodef-html--link\" href=\"https:\/\/domainedjabourian.com\/en\/le-domaine-djabourian\/\" target=\"_self\"  >\t<span class=\"qodef-m-text\">Read More<\/span>\t<span class=\"qodef-disc-btn qodef-disc-btn-top-left\"><\/span>\t<span class=\"qodef-disc-btn qodef-disc-btn-top-right\"><\/span>\t<span class=\"qodef-disc-btn qodef-disc-btn-right\"><\/span>\t<span class=\"qodef-disc-btn qodef-disc-btn-bottom-right\"><\/span>\t<span class=\"qodef-disc-btn qodef-disc-btn-bottom-left\"><\/span>\t<span class=\"qodef-disc-btn qodef-blob-btn-left\"><\/span><\/a>\t<\/div>\n\t\t\t<\/div>\n\t\t<\/div>\n\t<\/div>\n<\/article>\n\n<article class=\"qodef-e qodef-blog-item qodef-blog-list-centered qodef-grid-item qodef-item--custom post-12338 post type-post status-publish format-standard has-post-thumbnail hentry category-non-classe\" >\n\t<div class=\"qodef-e-inner\">\n\t\t<div class=\"qodef-e-content\">\n            <div class=\"qodef-e-title-holder\">\n                <h2 itemprop=\"name\" class=\"qodef-e-title entry-title\" >\n\t<a itemprop=\"url\" class=\"qodef-e-title-link\" href=\"https:\/\/domainedjabourian.com\/en\/interview-a-la-radio\/\">\n\t\tRadio interview!\t<\/a>\n<\/h2>\n            <\/div>\n\t\t\t<div class=\"qodef-e-top-holder\">\n\t\t\t\t<div class=\"qodef-e-info\">\n\t\t\t\t\t<a itemprop=\"dateCreated\" href=\"https:\/\/domainedjabourian.com\/en\/2025\/10\/\" class=\"entry-date\">\n\tOctober 3, 2025<\/a><div class=\"qodef-info-separator-end\"><\/div>\n<a href=\"https:\/\/domainedjabourian.com\/en\/category\/non-classe\/\" rel=\"tag\">Unclassified<\/a><div class=\"qodef-info-separator-end\"><\/div>\t\t\t\t<\/div>\n\t\t\t<\/div>\n            \t<div class=\"qodef-e-media\">\n\t\t<div class=\"qodef-e-media-image\">\n\t\t\t<a itemprop=\"url\" href=\"https:\/\/domainedjabourian.com\/en\/interview-a-la-radio\/\">\n\t\t\t\t<img decoding=\"async\" width=\"671\" height=\"470\" src=\"https:\/\/domainedjabourian.com\/wp-content\/uploads\/2025\/10\/3.jpg\" class=\"attachment-custom size-custom wp-post-image\" alt=\"\" srcset=\"https:\/\/domainedjabourian.com\/wp-content\/uploads\/2025\/10\/3.jpg 671w, https:\/\/domainedjabourian.com\/wp-content\/uploads\/2025\/10\/3-300x210.jpg 300w, https:\/\/domainedjabourian.com\/wp-content\/uploads\/2025\/10\/3-18x12.jpg 18w, https:\/\/domainedjabourian.com\/wp-content\/uploads\/2025\/10\/3-600x420.jpg 600w\" sizes=\"(max-width: 671px) 100vw, 671px\" \/>\t\t\t<\/a>\n\t\t<\/div>\n\t<\/div>\n\t\t\t<div class=\"qodef-e-text\">\n\t\t\t\t\t\t\t<\/div>\n\t\t\t<div class=\"qodef-e-bottom-holder\">\n                \t<div class=\"qodef-e-read-more\">\n\t\t<a class=\"qodef-shortcode qodef-m  qodef-button qodef-layout--discontinuous  qodef-html--link\" href=\"https:\/\/domainedjabourian.com\/en\/interview-a-la-radio\/\" target=\"_self\"  >\t<span class=\"qodef-m-text\">Read More<\/span>\t<span class=\"qodef-disc-btn qodef-disc-btn-top-left\"><\/span>\t<span class=\"qodef-disc-btn qodef-disc-btn-top-right\"><\/span>\t<span class=\"qodef-disc-btn qodef-disc-btn-right\"><\/span>\t<span class=\"qodef-disc-btn qodef-disc-btn-bottom-right\"><\/span>\t<span class=\"qodef-disc-btn qodef-disc-btn-bottom-left\"><\/span>\t<span class=\"qodef-disc-btn qodef-blob-btn-left\"><\/span><\/a>\t<\/div>\n\t\t\t<\/div>\n\t\t<\/div>\n\t<\/div>\n<\/article>\n\n<article class=\"qodef-e qodef-blog-item qodef-blog-list-centered qodef-grid-item qodef-item--custom post-11152 post type-post status-publish format-standard has-post-thumbnail hentry category-evenements\" >\n\t<div class=\"qodef-e-inner\">\n\t\t<div class=\"qodef-e-content\">\n            <div class=\"qodef-e-title-holder\">\n                <h2 itemprop=\"name\" class=\"qodef-e-title entry-title\" >\n\t<a itemprop=\"url\" class=\"qodef-e-title-link\" href=\"https:\/\/domainedjabourian.com\/en\/recette-de-chef\/\">\n\t\tChef&#039;s recipe\t<\/a>\n<\/h2>\n            <\/div>\n\t\t\t<div class=\"qodef-e-top-holder\">\n\t\t\t\t<div class=\"qodef-e-info\">\n\t\t\t\t\t<a itemprop=\"dateCreated\" href=\"https:\/\/domainedjabourian.com\/en\/2024\/12\/\" class=\"entry-date\">\n\tDecember 26, 2024<\/a><div class=\"qodef-info-separator-end\"><\/div>\n<a href=\"https:\/\/domainedjabourian.com\/en\/category\/evenements\/\" rel=\"tag\">Events<\/a><div class=\"qodef-info-separator-end\"><\/div>\t\t\t\t<\/div>\n\t\t\t<\/div>\n            \t<div class=\"qodef-e-media\">\n\t\t<div class=\"qodef-e-media-image\">\n\t\t\t<a itemprop=\"url\" href=\"https:\/\/domainedjabourian.com\/en\/recette-de-chef\/\">\n\t\t\t\t<img loading=\"lazy\" decoding=\"async\" width=\"1142\" height=\"740\" src=\"https:\/\/domainedjabourian.com\/wp-content\/uploads\/2024\/12\/Capture-decran-2024-12-26-a-14.11.48-e1735209992350.png\" class=\"attachment-custom size-custom wp-post-image\" alt=\"Recette arm\u00e9nienne traditionnelle du Chef Alain Alexanian : le Ghapama - plat de f\u00eates\" srcset=\"https:\/\/domainedjabourian.com\/wp-content\/uploads\/2024\/12\/Capture-decran-2024-12-26-a-14.11.48-e1735209992350.png 1142w, https:\/\/domainedjabourian.com\/wp-content\/uploads\/2024\/12\/Capture-decran-2024-12-26-a-14.11.48-e1735209992350-600x389.png 600w, https:\/\/domainedjabourian.com\/wp-content\/uploads\/2024\/12\/Capture-decran-2024-12-26-a-14.11.48-e1735209992350-300x194.png 300w, https:\/\/domainedjabourian.com\/wp-content\/uploads\/2024\/12\/Capture-decran-2024-12-26-a-14.11.48-e1735209992350-1024x664.png 1024w, https:\/\/domainedjabourian.com\/wp-content\/uploads\/2024\/12\/Capture-decran-2024-12-26-a-14.11.48-e1735209992350-768x498.png 768w, https:\/\/domainedjabourian.com\/wp-content\/uploads\/2024\/12\/Capture-decran-2024-12-26-a-14.11.48-e1735209992350-18x12.png 18w\" sizes=\"(max-width: 1142px) 100vw, 1142px\" \/>\t\t\t<\/a>\n\t\t<\/div>\n\t<\/div>\n\t\t\t<div class=\"qodef-e-text\">\n\t\t\t\t\t\t<p itemprop=\"description\" class=\"qodef-e-excerpt\">Discover the recipe for a traditional Armenian specialty presented by Chef Alain Alexanian. A superb pairing with our Yeriza Areni 2022 vintage.<\/p>\n\t\t\t\t\t<\/div>\n\t\t\t<div class=\"qodef-e-bottom-holder\">\n                \t<div class=\"qodef-e-read-more\">\n\t\t<a class=\"qodef-shortcode qodef-m  qodef-button qodef-layout--discontinuous  qodef-html--link\" href=\"https:\/\/domainedjabourian.com\/en\/recette-de-chef\/\" target=\"_self\"  >\t<span class=\"qodef-m-text\">Read More<\/span>\t<span class=\"qodef-disc-btn qodef-disc-btn-top-left\"><\/span>\t<span class=\"qodef-disc-btn qodef-disc-btn-top-right\"><\/span>\t<span class=\"qodef-disc-btn qodef-disc-btn-right\"><\/span>\t<span class=\"qodef-disc-btn qodef-disc-btn-bottom-right\"><\/span>\t<span class=\"qodef-disc-btn qodef-disc-btn-bottom-left\"><\/span>\t<span class=\"qodef-disc-btn qodef-blob-btn-left\"><\/span><\/a>\t<\/div>\n\t\t\t<\/div>\n\t\t<\/div>\n\t<\/div>\n<\/article>\n\n<article class=\"qodef-e qodef-blog-item qodef-blog-list-centered qodef-grid-item qodef-item--custom post-11044 post type-post status-publish format-standard has-post-thumbnail hentry category-evenements\" >\n\t<div class=\"qodef-e-inner\">\n\t\t<div class=\"qodef-e-content\">\n            <div class=\"qodef-e-title-holder\">\n                <h2 itemprop=\"name\" class=\"qodef-e-title entry-title\" >\n\t<a itemprop=\"url\" class=\"qodef-e-title-link\" href=\"https:\/\/domainedjabourian.com\/en\/premier-award\/\">\n\t\tFIRST AWARD!\t<\/a>\n<\/h2>\n            <\/div>\n\t\t\t<div class=\"qodef-e-top-holder\">\n\t\t\t\t<div class=\"qodef-e-info\">\n\t\t\t\t\t<a itemprop=\"dateCreated\" href=\"https:\/\/domainedjabourian.com\/en\/2024\/12\/\" class=\"entry-date\">\n\tDecember 5, 2024<\/a><div class=\"qodef-info-separator-end\"><\/div>\n<a href=\"https:\/\/domainedjabourian.com\/en\/category\/evenements\/\" rel=\"tag\">Events<\/a><div class=\"qodef-info-separator-end\"><\/div>\t\t\t\t<\/div>\n\t\t\t<\/div>\n            \t<div class=\"qodef-e-media\">\n\t\t<div class=\"qodef-e-media-image\">\n\t\t\t<a itemprop=\"url\" href=\"https:\/\/domainedjabourian.com\/en\/premier-award\/\">\n\t\t\t\t<img loading=\"lazy\" decoding=\"async\" width=\"764\" height=\"1066\" src=\"https:\/\/domainedjabourian.com\/wp-content\/uploads\/2024\/12\/Capture-decran-2024-12-05-a-16.26.48.png\" class=\"attachment-custom size-custom wp-post-image\" alt=\"PREMIER AWARD\" srcset=\"https:\/\/domainedjabourian.com\/wp-content\/uploads\/2024\/12\/Capture-decran-2024-12-05-a-16.26.48.png 764w, https:\/\/domainedjabourian.com\/wp-content\/uploads\/2024\/12\/Capture-decran-2024-12-05-a-16.26.48-600x837.png 600w, https:\/\/domainedjabourian.com\/wp-content\/uploads\/2024\/12\/Capture-decran-2024-12-05-a-16.26.48-215x300.png 215w, https:\/\/domainedjabourian.com\/wp-content\/uploads\/2024\/12\/Capture-decran-2024-12-05-a-16.26.48-734x1024.png 734w, https:\/\/domainedjabourian.com\/wp-content\/uploads\/2024\/12\/Capture-decran-2024-12-05-a-16.26.48-9x12.png 9w\" sizes=\"(max-width: 764px) 100vw, 764px\" \/>\t\t\t<\/a>\n\t\t<\/div>\n\t<\/div>\n\t\t\t<div class=\"qodef-e-text\">\n\t\t\t\t\t\t<p itemprop=\"description\" class=\"qodef-e-excerpt\">On December 3, 2024, our 2022 Yeriza red wine received its first prize from the IWSC (International Wine &amp; Spirit Competition) Committee. We are delighted and proud of this victory, which we hope will be the first of many.<\/p>\n\t\t\t\t\t<\/div>\n\t\t\t<div class=\"qodef-e-bottom-holder\">\n                \t<div class=\"qodef-e-read-more\">\n\t\t<a class=\"qodef-shortcode qodef-m  qodef-button qodef-layout--discontinuous  qodef-html--link\" href=\"https:\/\/domainedjabourian.com\/en\/premier-award\/\" target=\"_self\"  >\t<span class=\"qodef-m-text\">Read More<\/span>\t<span class=\"qodef-disc-btn qodef-disc-btn-top-left\"><\/span>\t<span class=\"qodef-disc-btn qodef-disc-btn-top-right\"><\/span>\t<span class=\"qodef-disc-btn qodef-disc-btn-right\"><\/span>\t<span class=\"qodef-disc-btn qodef-disc-btn-bottom-right\"><\/span>\t<span class=\"qodef-disc-btn qodef-disc-btn-bottom-left\"><\/span>\t<span class=\"qodef-disc-btn qodef-blob-btn-left\"><\/span><\/a>\t<\/div>\n\t\t\t<\/div>\n\t\t<\/div>\n\t<\/div>\n<\/article>\n\t<\/div>\n\t\t<div class=\"qodef-m-pagination qodef--infinite-scroll\">\n\t\t<svg class=\"qodef-svg--spinner qodef-m-pagination-spinner\" xmlns=\"http:\/\/www.w3.org\/2000\/svg\" width=\"512\" height=\"512\" viewbox=\"0 0 512 512\"><path d=\"M304 48c0 26.51-21.49 48-48 48s-48-21.49-48-48 21.49-48 48-48 48 21.49 48 48zm-48 368c-26.51 0-48 21.49-48 48s21.49 48 48 48 48-21.49 48-48-21.49-48-48-48zm208-208c-26.51 0-48 21.49-48 48s21.49 48 48 48 48-21.49 48-48-21.49-48-48-48zM96 256c0-26.51-21.49-48-48-48S0 229.49 0 256s21.49 48 48 48 48-21.49 48-48zm12.922 99.078c-26.51 0-48 21.49-48 48s21.49 48 48 48 48-21.49 48-48c0-26.509-21.491-48-48-48zm294.156 0c-26.51 0-48 21.49-48 48s21.49 48 48 48 48-21.49 48-48c0-26.509-21.49-48-48-48zM108.922 60.922c-26.51 0-48 21.49-48 48s21.49 48 48 48 48-21.49 48-48-21.491-48-48-48z\"><\/path><\/svg>\t<\/div>\n<\/div>\n\t\t\t\t<\/div>\n\t\t\t\t<\/div>\n\t\t\t\t\t<\/div>\n\t\t<\/div>\n\t\t\t\t\t<\/div>\n\t\t<\/section>\n\t\t\t\t<\/div>","protected":false},"excerpt":{"rendered":"<p>Secret des vins 6 mars 2026 \u00c9v\u00e8nements LES SECRETS DU VIN YERIZA ROUGE 2023 ARENI Domaine Djabourian : L&rsquo;altitude en h\u00e9ritage PAR PIERRE GRANDJEAN, Valeurs actuelles \u00a0 \u00ab\u00a0Le Yeriza rouge 2023 Areni prend racine \u00e0 Aghavnadzor, dans la r\u00e9gion de Vayots Dzor, \u00e0 plus de 1 300 m\u00e8tres d&rsquo;altitude, au c\u0153ur de l&rsquo;Arm\u00e9nie Read More [&hellip;]<\/p>","protected":false},"author":1,"featured_media":0,"parent":0,"menu_order":0,"comment_status":"closed","ping_status":"closed","template":"","meta":{"footnotes":""},"class_list":["post-2556","page","type-page","status-publish","hentry"],"_links":{"self":[{"href":"https:\/\/domainedjabourian.com\/en\/wp-json\/wp\/v2\/pages\/2556","targetHints":{"allow":["GET"]}}],"collection":[{"href":"https:\/\/domainedjabourian.com\/en\/wp-json\/wp\/v2\/pages"}],"about":[{"href":"https:\/\/domainedjabourian.com\/en\/wp-json\/wp\/v2\/types\/page"}],"author":[{"embeddable":true,"href":"https:\/\/domainedjabourian.com\/en\/wp-json\/wp\/v2\/users\/1"}],"replies":[{"embeddable":true,"href":"https:\/\/domainedjabourian.com\/en\/wp-json\/wp\/v2\/comments?post=2556"}],"version-history":[{"count":38,"href":"https:\/\/domainedjabourian.com\/en\/wp-json\/wp\/v2\/pages\/2556\/revisions"}],"predecessor-version":[{"id":12692,"href":"https:\/\/domainedjabourian.com\/en\/wp-json\/wp\/v2\/pages\/2556\/revisions\/12692"}],"wp:attachment":[{"href":"https:\/\/domainedjabourian.com\/en\/wp-json\/wp\/v2\/media?parent=2556"}],"curies":[{"name":"wp","href":"https:\/\/api.w.org\/{rel}","templated":true}]}}